{"id":1045,"date":"2017-04-20T13:30:53","date_gmt":"2017-04-20T13:30:53","guid":{"rendered":"http:\/\/nudefruit.com\/?page_id=1045\/"},"modified":"2017-04-20T13:32:50","modified_gmt":"2017-04-20T13:32:50","slug":"faqs","status":"publish","type":"page","link":"https:\/\/nudefruit.com\/fr\/faqs\/","title":{"rendered":"FAQ&#8217;s"},"content":{"rendered":"<p>[vc_row top_padding=&#8221;196px&#8221; bottom_padding=&#8221;196px&#8221; font_color=&#8221;#ffffff&#8221; bk_element=&#8221;image&#8221; bg_image_repeat=&#8221;hook_with_parallax hook_cover&#8221; bg_image=&#8221;729&#8243;][vc_column width=&#8221;1\/1&#8243;]<div class=\"prk_shortcode-title prk_break_word hook_center_align h1_sized\"><div class=\"header_font zero_color prk_vc_title\" style=\"color:#ffffff;border-bottom-color:rgba(255, 255, 255,0.9);text-shadow:0px 0px 1px rgba(255, 255, 255,0.2);margin-bottom:6px;\"><h1 style=\"font-weight:700;\">FAQ<\/h1><\/div><div class=\"clearfix\"><\/div><\/div><div class=\"prk_shortcode-title prk_break_word hook_center_align h5_sized\"><div class=\"header_font zero_color prk_vc_title\" style=\"color:#ffffff;border-bottom-color:rgba(255, 255, 255,0.9);text-shadow:0px 0px 1px rgba(255, 255, 255,0.2);\"><h5 style=\"font-weight:400;\"><\/h5><\/div><div class=\"clearfix\"><\/div><\/div>[\/vc_column][\/vc_row][vc_row][vc_column width=&#8221;1\/2&#8243;]<div class=\"hook_spacer clearfix\" style=\"height:108px;\"><\/div>[vc_tta_accordion active_section=&#8221;1&#8243; c_icon=&#8221;&#8221; collapsible_all=&#8221;true&#8221;][vc_tta_section i_icon_fontawesome=&#8221;fa fa-plus&#8221; add_icon=&#8221;true&#8221; title=&#8221;Y a-t-il des produits Nudefruit qui sont des produits biologiques? &#8221; tab_id=&#8221;1441874023656-b1376fe8-b671efe8-60fa&#8221;][vc_row_inner][vc_column_inner][vc_column_text]Bien que nos produits ne soient pas biologiques, tous les produits dont nous nous approvisionnons proviennent en premier lieu du Canada, puis des \u00c9.-U. Par cons\u00e9quent, nous nous conformons \u00e0 la fois \u00e0 la r\u00e9glementation de la FDA et de l\u2019ACIA en vigueur, ainsi qu\u2019aux pratiques d\u2019hygi\u00e8ne s\u00e9curitaires d\u2019Agriculture et Agroalimentaire Canada et de la USDA.[\/vc_column_text][\/vc_column_inner][\/vc_row_inner][\/vc_tta_section][vc_tta_section i_position=&#8221;right&#8221; i_icon_fontawesome=&#8221;fa fa-plus&#8221; add_icon=&#8221;true&#8221; title=&#8221;Les produits Nudefruit sont-ils lav\u00e9s avant d\u2019\u00eatre surgel\u00e9s?&#8221; tab_id=&#8221;1441874023759-fa988392-b9adefe8-60fa&#8221;][vc_row_inner][vc_column_inner][vc_column_text]Oui, ils le sont.[\/vc_column_text][\/vc_column_inner][\/vc_row_inner][\/vc_tta_section][vc_tta_section i_position=&#8221;right&#8221; i_icon_fontawesome=&#8221;fa fa-plus&#8221; add_icon=&#8221;true&#8221; title=&#8221;Pourquoi ne pouvez-vous pas garantir que les ingr\u00e9dients proviennent du Canada? &#8221; tab_id=&#8221;1479507052696-420fa33e-72eb&#8221;][vc_column_text]Nous avons comme objectif de vous procurer le meilleur produit de l\u2019Ontario. Cela n\u2019est cependant parfois pas possible en raison des r\u00e9coltes qui peuvent \u00eatre touch\u00e9es par la temp\u00e9rature, des maladies, etc. Si nous ne pouvons pas nous approvisionner de l\u2019Ontario, nous nous approvisionnerons d\u2019autres provinces canadiennes. S\u2019il ne nous est pas possible d\u2019acheter des ingr\u00e9dients canadiens, nous nous approvisionnerons des \u00c9.-U. Nous ne nous procurerons jamais de produits provenant de l\u2019ext\u00e9rieur de l\u2019Am\u00e9rique du Nord. [\/vc_column_text][\/vc_tta_section][vc_tta_section i_icon_fontawesome=&#8221;fa fa-plus&#8221; add_icon=&#8221;true&#8221; title=&#8221;Apr\u00e8s combien de temps suivant leur r\u00e9colte les fruits sont-ils surgel\u00e9s?&#8221; tab_id=&#8221;1479507119961-0d306272-ea2a&#8221;][vc_column_text]Tous les fruits sont surgel\u00e9s en l\u2019espace de quelques heures apr\u00e8s leur cueillette, ce qui nous assure que les fruits renferment tous les \u00e9l\u00e9ments nutritifs et toute la saveur.[\/vc_column_text][\/vc_tta_section][\/vc_tta_accordion]<div class=\"hook_spacer clearfix\" style=\"height:108px;\"><\/div>[\/vc_column][vc_column width=&#8221;1\/2&#8243;]<div class=\"hook_spacer clearfix\" style=\"height:108px;\"><\/div>[vc_tta_accordion active_section=&#8221;&#8221; c_icon=&#8221;&#8221; collapsible_all=&#8221;true&#8221;][vc_tta_section i_icon_fontawesome=&#8221;fa fa-plus&#8221; add_icon=&#8221;true&#8221; title=&#8221;Qu\u2019ajoutez-vous aux fruits avant de les surgeler?&#8221; tab_id=&#8221;1480087022362-26d979dd-d084&#8243;][vc_column_text]Absolument rien! Saviez-vous que selon la loi, il est permis d\u2019ajouter jusqu\u2019\u00e0 20 % de poids en eau? Nous ne le faisons pas. Tout ce que vous obtenez avec Nudefruit, ce sont les fruits.[\/vc_column_text][\/vc_tta_section][vc_tta_section i_icon_fontawesome=&#8221;fa fa-plus&#8221; add_icon=&#8221;true&#8221; title=&#8221;Quelle est la diff\u00e9rence entre les produits Nudefruit et ceux de vos concurrents?&#8221; tab_id=&#8221;1480087022534-c65d65ec-378e&#8221;][vc_column_text]Nous sommes la SEULE marque \u00e0 garantir que les produits sont nord-am\u00e9ricains. Plusieurs marques de fruits surgel\u00e9s ach\u00e8tent leurs fruits de n\u2019importe o\u00f9 \u00e0 travers le monde, vous devez donc v\u00e9rifier \u00e0 chaque fois sur le sac pour savoir d\u2019o\u00f9 proviennent les ingr\u00e9dients. Si vous prenez un sac et qu\u2019on y lit que les produits sont du Mexique, la prochaine fois ils pourraient provenir de Chine, il n\u2019y a pas de constance.<\/p>\n<p>Dans plusieurs des pays qui produisent des fruits, la r\u00e9colte est effectu\u00e9e par des enfants qui travaillent. Nudefruit est fier d\u2019affirmer que puisque nous ne nous approvisionnons que du Canada et des \u00c9.-U., nous respectons les lois du Canada et des \u00c9tats-Unis qui r\u00e9gissent le travail.[\/vc_column_text][\/vc_tta_section][vc_tta_section i_icon_fontawesome=&#8221;fa fa-plus&#8221; add_icon=&#8221;true&#8221; title=&#8221;Les produits Nudefruit sont-ils sans gluten, sans oeufs?&#8221; tab_id=&#8221;1480087022704-cbc6c6ac-17fe&#8221;][vc_column_text]Tout comme c\u2019est le cas de tous les fruits, nos fruits Nudefruit sont naturellement d\u00e9pourvus d\u2019allerg\u00e8nes.[\/vc_column_text][\/vc_tta_section][\/vc_tta_accordion][\/vc_column][\/vc_row][vc_row top_padding=&#8221;108px&#8221; bottom_padding=&#8221;36px&#8221; font_color=&#8221;#ffffff&#8221; align=&#8221;hook_center_align&#8221; el_class=&#8221;footer&#8221; bg_color=&#8221;#1b1b1b&#8221;][vc_column width=&#8221;1\/1&#8243;][vc_single_image image=&#8221;479&#8243; img_size=&#8221;full&#8221; alignment=&#8221;center&#8221;]<div class=\"hook_spacer clearfix\" style=\"height:36px;\"><\/div>[vc_column_text el_class=&#8221;prk_9_em&#8221;]<\/p>\n<p style=\"text-align: center;\"><span style=\"color: #3bb54b;\"><strong style=\"font-size: 1rem;\">Nudefruit<\/strong><\/span><br \/>\n222 Islington Ave,<br \/>\nEtobicoke, ON M8V 3W7<\/p>\n<p>[\/vc_column_text][vc_column_text el_class=&#8221;prk_9_em&#8221;]<\/p>\n<p style=\"text-align: center;\">t: (416) 539-ZAST (9278)<br \/>\nf: (416) 539-9299<\/p>\n<p style=\"text-align: center;\">EMAIL: <a href=\"mailto:info@zastfoods.com\">info@zastfoods.com<\/a><\/p>\n<p style=\"text-align: center;\"><strong>\u00a0<\/strong><\/p>\n<p>[\/vc_column_text]<div class=\"hook_spacer clearfix\" style=\"height:6px;\"><\/div><div class=\"social_links_shortcode minimal_icons\" style=\"font-size:20px;\"><a href=\"https:\/\/www.facebook.com\/Nudefruit-Just-Chillin-626313464058753\/\" target=\"_blank\" data-color=\"#f36176\" data-up-color=\"#ffffff\" style=\"color:#ffffff;\"><div class=\"hook_inner_social hook_tp_facebook\" style=\"border-color:#ffffff;opacity:0.9;padding-left:4px;padding-right:4px;\"><i class=\"hook_mini_icon fa fa-facebook\"><\/i><\/div><\/a><a href=\"https:\/\/twitter.com\/nudefruitcanada\" target=\"_blank\" data-color=\"#f36176\" data-up-color=\"#ffffff\" style=\"color:#ffffff;\"><div class=\"hook_inner_social\" style=\"border-color:#ffffff;opacity:0.9;padding-left:4px;padding-right:4px;\"><i class=\"hook_mini_icon fa fa-twitter\"><\/i><\/div><\/a><\/div><div class=\"clearfix\"><\/div><div class=\"hook_spacer clearfix\" style=\"height:90px;\"><\/div><div class=\"simple_line shortcoded\" style=\"border-bottom-color:#3bb54b;width:90px;border-bottom-width:4px;margin-left:auto;margin-right:auto;\"><\/div><div class=\"clearfix\"><\/div><div class=\"hook_spacer clearfix\" style=\"height:38px;\"><\/div>[\/vc_column][\/vc_row]<\/p>\n","protected":false},"excerpt":{"rendered":"<p>[vc_row top_padding=&#8221;196px&#8221; bottom_padding=&#8221;196px&#8221; font_color=&#8221;#ffffff&#8221; bk_element=&#8221;image&#8221; bg_image_repeat=&#8221;hook_with_parallax hook_cover&#8221; bg_image=&#8221;729&#8243;][vc_column width=&#8221;1\/1&#8243;][\/vc_column][\/vc_row][vc_row][vc_column width=&#8221;1\/2&#8243;][vc_tta_accordion active_section=&#8221;1&#8243; c_icon=&#8221;&#8221; collapsible_all=&#8221;true&#8221;][vc_tta_section i_icon_fontawesome=&#8221;fa fa-plus&#8221; add_icon=&#8221;true&#8221; title=&#8221;Y a-t-il des produits Nudefruit qui sont des produits biologiques? &#8221; tab_id=&#8221;1441874023656-b1376fe8-b671efe8-60fa&#8221;][vc_row_inner][vc_column_inner][vc_column_text]Bien que nos produits ne soient pas biologiques, tous les produits dont nous nous approvisionnons proviennent en premier lieu du Canada, puis des \u00c9.-U. Par cons\u00e9quent, nous nous [&hellip;]<\/p>\n","protected":false},"author":1,"featured_media":0,"parent":0,"menu_order":0,"comment_status":"closed","ping_status":"closed","template":"","meta":{"_mi_skip_tracking":false,"_monsterinsights_sitenote_active":false,"_monsterinsights_sitenote_note":"","_monsterinsights_sitenote_category":0},"yoast_head":"<!-- This site is optimized with the Yoast SEO plugin v21.8.1 - https:\/\/yoast.com\/wordpress\/plugins\/seo\/ -->\n<title>FAQ&#039;s - Nudefruit<\/title>\n<meta name=\"robots\" content=\"index, follow, max-snippet:-1, max-image-preview:large, max-video-preview:-1\" \/>\n<link rel=\"canonical\" href=\"https:\/\/nudefruit.com\/fr\/faqs\/\" \/>\n<meta property=\"og:locale\" content=\"fr_FR\" \/>\n<meta property=\"og:type\" content=\"article\" \/>\n<meta property=\"og:title\" content=\"FAQ&#039;s - Nudefruit\" \/>\n<meta property=\"og:description\" content=\"[vc_row top_padding=&#8221;196px&#8221; bottom_padding=&#8221;196px&#8221; font_color=&#8221;#ffffff&#8221; bk_element=&#8221;image&#8221; bg_image_repeat=&#8221;hook_with_parallax hook_cover&#8221; bg_image=&#8221;729&#8243;][vc_column width=&#8221;1\/1&#8243;][\/vc_column][\/vc_row][vc_row][vc_column width=&#8221;1\/2&#8243;][vc_tta_accordion active_section=&#8221;1&#8243; c_icon=&#8221;&#8221; collapsible_all=&#8221;true&#8221;][vc_tta_section i_icon_fontawesome=&#8221;fa fa-plus&#8221; add_icon=&#8221;true&#8221; title=&#8221;Y a-t-il des produits Nudefruit qui sont des produits biologiques? &#8221; tab_id=&#8221;1441874023656-b1376fe8-b671efe8-60fa&#8221;][vc_row_inner][vc_column_inner][vc_column_text]Bien que nos produits ne soient pas biologiques, tous les produits dont nous nous approvisionnons proviennent en premier lieu du Canada, puis des \u00c9.-U. Par cons\u00e9quent, nous nous [&hellip;]\" \/>\n<meta property=\"og:url\" content=\"https:\/\/nudefruit.com\/fr\/faqs\/\" \/>\n<meta property=\"og:site_name\" content=\"Nudefruit\" \/>\n<meta property=\"article:publisher\" content=\"https:\/\/www.facebook.com\/Nudefruit-Just-Chillin-626313464058753\/\" \/>\n<meta property=\"article:modified_time\" content=\"2017-04-20T13:32:50+00:00\" \/>\n<meta name=\"twitter:card\" content=\"summary_large_image\" \/>\n<meta name=\"twitter:site\" content=\"@nudefruitcanada\" \/>\n<meta name=\"twitter:label1\" content=\"Dur\u00e9e de lecture estim\u00e9e\" \/>\n\t<meta name=\"twitter:data1\" content=\"5 minutes\" \/>\n<script type=\"application\/ld+json\" class=\"yoast-schema-graph\">{\"@context\":\"https:\/\/schema.org\",\"@graph\":[{\"@type\":\"WebPage\",\"@id\":\"https:\/\/nudefruit.com\/fr\/faqs\/\",\"url\":\"https:\/\/nudefruit.com\/fr\/faqs\/\",\"name\":\"FAQ's - Nudefruit\",\"isPartOf\":{\"@id\":\"https:\/\/nudefruit.com\/#website\"},\"datePublished\":\"2017-04-20T13:30:53+00:00\",\"dateModified\":\"2017-04-20T13:32:50+00:00\",\"breadcrumb\":{\"@id\":\"https:\/\/nudefruit.com\/fr\/faqs\/#breadcrumb\"},\"inLanguage\":\"fr-FR\",\"potentialAction\":[{\"@type\":\"ReadAction\",\"target\":[\"https:\/\/nudefruit.com\/fr\/faqs\/\"]}]},{\"@type\":\"BreadcrumbList\",\"@id\":\"https:\/\/nudefruit.com\/fr\/faqs\/#breadcrumb\",\"itemListElement\":[{\"@type\":\"ListItem\",\"position\":1,\"name\":\"Home\",\"item\":\"https:\/\/nudefruit.com\/fr\/\"},{\"@type\":\"ListItem\",\"position\":2,\"name\":\"FAQ&#8217;s\"}]},{\"@type\":\"WebSite\",\"@id\":\"https:\/\/nudefruit.com\/#website\",\"url\":\"https:\/\/nudefruit.com\/\",\"name\":\"Nudefruit\",\"description\":\"\",\"potentialAction\":[{\"@type\":\"SearchAction\",\"target\":{\"@type\":\"EntryPoint\",\"urlTemplate\":\"https:\/\/nudefruit.com\/?s={search_term_string}\"},\"query-input\":\"required name=search_term_string\"}],\"inLanguage\":\"fr-FR\"}]}<\/script>\n<!-- \/ Yoast SEO plugin. -->","yoast_head_json":{"title":"FAQ's - Nudefruit","robots":{"index":"index","follow":"follow","max-snippet":"max-snippet:-1","max-image-preview":"max-image-preview:large","max-video-preview":"max-video-preview:-1"},"canonical":"https:\/\/nudefruit.com\/fr\/faqs\/","og_locale":"fr_FR","og_type":"article","og_title":"FAQ's - Nudefruit","og_description":"[vc_row top_padding=&#8221;196px&#8221; bottom_padding=&#8221;196px&#8221; font_color=&#8221;#ffffff&#8221; bk_element=&#8221;image&#8221; bg_image_repeat=&#8221;hook_with_parallax hook_cover&#8221; bg_image=&#8221;729&#8243;][vc_column width=&#8221;1\/1&#8243;][\/vc_column][\/vc_row][vc_row][vc_column width=&#8221;1\/2&#8243;][vc_tta_accordion active_section=&#8221;1&#8243; c_icon=&#8221;&#8221; collapsible_all=&#8221;true&#8221;][vc_tta_section i_icon_fontawesome=&#8221;fa fa-plus&#8221; add_icon=&#8221;true&#8221; title=&#8221;Y a-t-il des produits Nudefruit qui sont des produits biologiques? &#8221; tab_id=&#8221;1441874023656-b1376fe8-b671efe8-60fa&#8221;][vc_row_inner][vc_column_inner][vc_column_text]Bien que nos produits ne soient pas biologiques, tous les produits dont nous nous approvisionnons proviennent en premier lieu du Canada, puis des \u00c9.-U. Par cons\u00e9quent, nous nous [&hellip;]","og_url":"https:\/\/nudefruit.com\/fr\/faqs\/","og_site_name":"Nudefruit","article_publisher":"https:\/\/www.facebook.com\/Nudefruit-Just-Chillin-626313464058753\/","article_modified_time":"2017-04-20T13:32:50+00:00","twitter_card":"summary_large_image","twitter_site":"@nudefruitcanada","twitter_misc":{"Dur\u00e9e de lecture estim\u00e9e":"5 minutes"},"schema":{"@context":"https:\/\/schema.org","@graph":[{"@type":"WebPage","@id":"https:\/\/nudefruit.com\/fr\/faqs\/","url":"https:\/\/nudefruit.com\/fr\/faqs\/","name":"FAQ's - Nudefruit","isPartOf":{"@id":"https:\/\/nudefruit.com\/#website"},"datePublished":"2017-04-20T13:30:53+00:00","dateModified":"2017-04-20T13:32:50+00:00","breadcrumb":{"@id":"https:\/\/nudefruit.com\/fr\/faqs\/#breadcrumb"},"inLanguage":"fr-FR","potentialAction":[{"@type":"ReadAction","target":["https:\/\/nudefruit.com\/fr\/faqs\/"]}]},{"@type":"BreadcrumbList","@id":"https:\/\/nudefruit.com\/fr\/faqs\/#breadcrumb","itemListElement":[{"@type":"ListItem","position":1,"name":"Home","item":"https:\/\/nudefruit.com\/fr\/"},{"@type":"ListItem","position":2,"name":"FAQ&#8217;s"}]},{"@type":"WebSite","@id":"https:\/\/nudefruit.com\/#website","url":"https:\/\/nudefruit.com\/","name":"Nudefruit","description":"","potentialAction":[{"@type":"SearchAction","target":{"@type":"EntryPoint","urlTemplate":"https:\/\/nudefruit.com\/?s={search_term_string}"},"query-input":"required name=search_term_string"}],"inLanguage":"fr-FR"}]}},"_links":{"self":[{"href":"https:\/\/nudefruit.com\/fr\/wp-json\/wp\/v2\/pages\/1045"}],"collection":[{"href":"https:\/\/nudefruit.com\/fr\/wp-json\/wp\/v2\/pages"}],"about":[{"href":"https:\/\/nudefruit.com\/fr\/wp-json\/wp\/v2\/types\/page"}],"author":[{"embeddable":true,"href":"https:\/\/nudefruit.com\/fr\/wp-json\/wp\/v2\/users\/1"}],"replies":[{"embeddable":true,"href":"https:\/\/nudefruit.com\/fr\/wp-json\/wp\/v2\/comments?post=1045"}],"version-history":[{"count":2,"href":"https:\/\/nudefruit.com\/fr\/wp-json\/wp\/v2\/pages\/1045\/revisions"}],"predecessor-version":[{"id":1047,"href":"https:\/\/nudefruit.com\/fr\/wp-json\/wp\/v2\/pages\/1045\/revisions\/1047"}],"wp:attachment":[{"href":"https:\/\/nudefruit.com\/fr\/wp-json\/wp\/v2\/media?parent=1045"}],"curies":[{"name":"wp","href":"https:\/\/api.w.org\/{rel}","templated":true}]}}