{"id":1051,"date":"2017-04-20T13:57:11","date_gmt":"2017-04-20T13:57:11","guid":{"rendered":"http:\/\/nudefruit.com\/?page_id=1051\/"},"modified":"2017-04-26T20:51:30","modified_gmt":"2017-04-26T20:51:30","slug":"a-propos","status":"publish","type":"page","link":"https:\/\/nudefruit.com\/fr\/a-propos\/","title":{"rendered":"\u00c0 propos"},"content":{"rendered":"<p>[vc_row top_padding=&#8221;196px&#8221; bottom_padding=&#8221;196px&#8221; font_color=&#8221;#ffffff&#8221; bk_element=&#8221;image&#8221; bg_image_repeat=&#8221;hook_with_parallax hook_cover&#8221; bg_image=&#8221;684&#8243;][vc_column width=&#8221;1\/1&#8243;]<div class=\"prk_shortcode-title prk_break_word hook_center_align h1_sized\"><div class=\"header_font zero_color prk_vc_title\" style=\"color:#000000;border-bottom-color:rgba(0, 0, 0,0.9);text-shadow:0px 0px 1px rgba(0, 0, 0,0.2);margin-bottom:6px;\"><h1 style=\"font-weight:700;\">\u00c0 propos de nous<\/h1><\/div><div class=\"clearfix\"><\/div><\/div><div class=\"prk_shortcode-title prk_break_word hook_center_align h5_sized\"><div class=\"header_font zero_color prk_vc_title\" style=\"color:#000000;border-bottom-color:rgba(0, 0, 0,0.9);text-shadow:0px 0px 1px rgba(0, 0, 0,0.2);\"><h5 style=\"font-weight:400;\">L\u2019histoire de nudefruit<\/h5><\/div><div class=\"clearfix\"><\/div><\/div>[\/vc_column][\/vc_row][vc_row bk_type=&#8221;hook_full_row&#8221; equal_height=&#8221;yes&#8221;][vc_column align=&#8221;hook_left_align&#8221; col_width=&#8221;80&#8243; css_animation=&#8221;hook_fade_waypoint&#8221; width=&#8221;2\/3&#8243; bg_color=&#8221;#fcf8ef&#8221;]<div class=\"hook_spacer clearfix\" style=\"height:108px;\"><\/div><div class=\"prk_shortcode-title prk_break_word hook_left_align green-title h4_sized\"><div class=\"header_font zero_color prk_vc_title\" style=\"color:#000000;border-bottom-color:rgba(0, 0, 0,0.9);text-shadow:0px 0px 1px rgba(0, 0, 0,0.2);margin-bottom:18px;\"><h4 style=\"font-weight:600;\">Des champs des agriculteurs jusqu\u2019\u00e0 vous<\/h4><\/div><div class=\"clearfix\"><\/div><\/div>[vc_column_text]L\u2019histoire de nudefruit d\u00e9bute dans les champs des agriculteurs o\u00f9 nos fournisseurs cueillent les fruits le plus frais qui sont ensuite instantan\u00e9ment surgel\u00e9s dans les quelques heures suivantes, emball\u00e9s et exp\u00e9di\u00e9s vers nos clients partout \u00e0 travers le pays. Nous sommes extr\u00eamement fiers de vous servir des fruits qui sont principalement cultiv\u00e9s au Canada, dont plusieurs le sont ici m\u00eame en Ontario.<\/p>\n<p>Nos agriculteurs suivent des lignes directrices strictes quant au respect de la s\u00e9curit\u00e9 alimentaire, un environnement de travail s\u00e9curitaire et \u00e9quitable, ainsi que des pratiques d\u2019agriculture durable et \u00e9thiques.<\/p>\n<p>La plupart des terres agricoles d\u2019o\u00f9 nous nous procurons nos fruits sont certifi\u00e9es LFP (Aliments locaux plus).[\/vc_column_text]<div class=\"hook_spacer clearfix\" style=\"height:108px;\"><\/div>[\/vc_column][vc_column col_width=&#8221;80&#8243; css_animation=&#8221;hook_fade_waypoint&#8221; width=&#8221;1\/3&#8243; bg_color=&#8221;#e3175f&#8221;]<div class=\"hook_spacer clearfix\" style=\"height:108px;\"><\/div><div class=\"prk_shortcode-title prk_break_word hook_left_align h4_sized\"><div class=\"header_font zero_color prk_vc_title\" style=\"color:#ffffff;border-bottom-color:rgba(255, 255, 255,0.9);text-shadow:0px 0px 1px rgba(255, 255, 255,0.2);margin-bottom:18px;\"><h4 style=\"font-weight:600;\">La certification LFP (Aliments locaux plus) signifie:<\/h4><\/div><div class=\"clearfix\"><\/div><\/div>[vc_column_text]<span style=\"color: #ffffff;\"> &gt; Une agriculture responsable au plan environnemental<\/span><\/p>\n<p><span style=\"color: #ffffff;\"> &gt; Des m\u00e9thodes de production durable<\/span><\/p>\n<p><span style=\"color: #ffffff;\"> &gt; Une r\u00e9duction des gaz \u00e0 effet de serre<\/span><\/p>\n<p><span style=\"color: #ffffff;\"> &gt; La pr\u00e9servation des terres agricoles et des habitats de la faune<\/span><\/p>\n<p><span style=\"color: #ffffff;\"> &gt; Pr\u00e9coniser une forte \u00e9conomie locale<\/span>[\/vc_column_text]<div class=\"hook_spacer clearfix\" style=\"height:108px;\"><\/div>[\/vc_column][\/vc_row][vc_row bk_type=&#8221;hook_full_row&#8221; equal_height=&#8221;yes&#8221;][vc_column col_width=&#8221;80&#8243; css_animation=&#8221;hook_fade_waypoint&#8221; width=&#8221;1\/4&#8243; bg_color=&#8221;#16110b&#8221;]<div class=\"hook_spacer clearfix\" style=\"height:108px;\"><\/div><div class=\"prk_shortcode-title prk_break_word hook_left_align h4_sized\"><div class=\"header_font zero_color prk_vc_title\" style=\"color:#ffffff;border-bottom-color:rgba(255, 255, 255,0.9);text-shadow:0px 0px 1px rgba(255, 255, 255,0.2);margin-bottom:18px;\"><h4 style=\"font-weight:600;\"><\/h4><\/div><div class=\"clearfix\"><\/div><\/div>[vc_column_text]<span style=\"color: #ffffff;\">En plus de la certification LFP, plusieurs choses sont r\u00e9alis\u00e9es sur les terres agricoles en vue d\u2019honorer nos engagements environnementaux incluant un secteur sans sacs de plastique, aucun OGM, une Gestion de lutte antiparasitaire int\u00e9gr\u00e9e et des Plans agroenvironnementaux (PAE).<\/span><br \/>\n<span style=\"color: #ffffff;\">Go\u00fbtez la diff\u00e9rence! Appuyez vos agriculteurs locaux et n\u2019achetez que les fruits les meilleurs et les plus frais de nudefruit!<\/span>[\/vc_column_text]<div class=\"hook_spacer clearfix\" style=\"height:108px;\"><\/div>[\/vc_column][vc_column align=&#8221;hook_left_align&#8221; col_width=&#8221;80&#8243; css_animation=&#8221;hook_fade_waypoint&#8221; width=&#8221;1\/4&#8243; bg_color=&#8221;#ffffff&#8221;]<div class=\"hook_spacer clearfix\" style=\"height:108px;\"><\/div><div class=\"prk_shortcode-title prk_break_word hook_left_align h4_sized\"><div class=\"header_font zero_color prk_vc_title\" style=\"margin-bottom:18px;\"><h4 style=\"font-weight:600;\">O\u00f9 acheter Nudefruit?<\/h4><\/div><div class=\"clearfix\"><\/div><\/div><div class=\"hook_spacer clearfix\" style=\"height:108px;\"><\/div>[vc_single_image image=&#8221;598&#8243; img_size=&#8221;medium&#8221; alignment=&#8221;center&#8221; onclick=&#8221;custom_link&#8221; img_link_target=&#8221;_blank&#8221; link=&#8221;http:\/\/www.wholefoodsmarket.com\/&#8221;][vc_column_text]<\/p>\n<p style=\"text-align: center;\"><span style=\"color: #000000;\"><a style=\"color: #000000;\" href=\"http:\/\/www.wholefoodsmarket.com\/\" target=\"_blank\" rel=\"noopener noreferrer\">Whole Foods Market<\/a><\/span><\/p>\n<p>[\/vc_column_text]<div class=\"hook_spacer clearfix\" style=\"height:108px;\"><\/div>[vc_single_image image=&#8221;308&#8243; img_size=&#8221;large&#8221; alignment=&#8221;center&#8221; onclick=&#8221;custom_link&#8221; link=&#8221;http:\/\/www.longos.com\/Home\/Home.aspx&#8221;][vc_column_text]<\/p>\n<p style=\"text-align: center;\"><span style=\"color: #000000;\"><a style=\"color: #000000;\" href=\"http:\/\/www.longos.com\/Home\/\" target=\"_blank\" rel=\"noopener noreferrer\">Longos<\/a><\/span><\/p>\n<p>[\/vc_column_text]<div class=\"hook_spacer clearfix\" style=\"height:108px;\"><\/div>[vc_single_image image=&#8221;319&#8243; img_size=&#8221;large&#8221; alignment=&#8221;center&#8221; onclick=&#8221;custom_link&#8221; link=&#8221;https:\/\/www.farmboy.ca\/&#8221;][vc_column_text]<\/p>\n<p style=\"text-align: center;\"><span style=\"color: #000000;\"><a style=\"color: #000000;\" href=\"https:\/\/www.farmboy.ca\/\" target=\"_blank\" rel=\"noopener noreferrer\">Farm Boy<\/a><\/span><\/p>\n<p>&nbsp;<\/p>\n<p>[\/vc_column_text]<div class=\"hook_spacer clearfix\" style=\"height:108px;\"><\/div>[vc_single_image image=&#8221;321&#8243; img_size=&#8221;medium&#8221; alignment=&#8221;center&#8221; onclick=&#8221;custom_link&#8221; img_link_target=&#8221;_blank&#8221; link=&#8221;http:\/\/www.fortinos.ca\/&#8221;][vc_column_text]<\/p>\n<p style=\"text-align: center;\"><span style=\"color: #000000;\"><a style=\"color: #000000;\" href=\"http:\/\/www.fortinos.ca\/\" target=\"_blank\" rel=\"noopener noreferrer\">Fortino&#8217;s<\/a><\/span><\/p>\n<p>[\/vc_column_text][\/vc_column][vc_column width=&#8221;1\/4&#8243; bg_color=&#8221;#ffffff&#8221;]<div class=\"hook_spacer clearfix\" style=\"height:108px;\"><\/div><div class=\"prk_shortcode-title prk_break_word hook_left_align h4_sized\"><div class=\"header_font zero_color prk_vc_title\" style=\"margin-bottom:18px;\"><h4 style=\"font-weight:600;\"><\/h4><\/div><div class=\"clearfix\"><\/div><\/div><div class=\"hook_spacer clearfix\" style=\"height:108px;\"><\/div>[vc_single_image image=&#8221;323&#8243; img_size=&#8221;medium&#8221; alignment=&#8221;center&#8221; onclick=&#8221;custom_link&#8221; img_link_target=&#8221;_blank&#8221; link=&#8221;https:\/\/goodnessme.ca\/&#8221;][vc_column_text]<\/p>\n<p style=\"text-align: center;\"><span style=\"color: #000000;\"><a style=\"color: #000000;\" href=\"https:\/\/goodnessme.ca\/\" target=\"_blank\" rel=\"noopener noreferrer\">GoodnessMe<\/a><\/span><\/p>\n<p>[\/vc_column_text]<div class=\"hook_spacer clearfix\" style=\"height:108px;\"><\/div>[vc_single_image image=&#8221;325&#8243; img_size=&#8221;medium&#8221; alignment=&#8221;center&#8221; onclick=&#8221;custom_link&#8221; img_link_target=&#8221;_blank&#8221; link=&#8221;http:\/\/remarkfreshmarkets.com\/&#8221;][vc_column_text]<\/p>\n<p style=\"text-align: center;\"><span style=\"color: #000000;\"><a style=\"color: #000000;\" href=\"http:\/\/remarkfreshmarkets.com\/\" target=\"_blank\" rel=\"noopener noreferrer\">Remark Fresh Markets<\/a><\/span><\/p>\n<p>[\/vc_column_text]<div class=\"hook_spacer clearfix\" style=\"height:108px;\"><\/div>[vc_single_image image=&#8221;330&#8243; img_size=&#8221;medium&#8221; alignment=&#8221;center&#8221; onclick=&#8221;custom_link&#8221; img_link_target=&#8221;_blank&#8221; link=&#8221;http:\/\/www.ladyyorkfoods.com\/home.php&#8221;][vc_column_text]<\/p>\n<p style=\"text-align: center;\"><span style=\"color: #000000;\"><a style=\"color: #000000;\" href=\"http:\/\/www.ladyyorkfoods.com\/\" target=\"_blank\" rel=\"noopener noreferrer\">Lady York Fine Foods<\/a><\/span><\/p>\n<p>[\/vc_column_text]<div class=\"hook_spacer clearfix\" style=\"height:108px;\"><\/div>[vc_single_image image=&#8221;332&#8243; img_size=&#8221;medium&#8221; alignment=&#8221;center&#8221; onclick=&#8221;custom_link&#8221; img_link_target=&#8221;_blank&#8221; link=&#8221;http:\/\/www.pusateris.com\/&#8221;][vc_column_text]<\/p>\n<p style=\"text-align: center;\"><span style=\"color: #000000;\"><a style=\"color: #000000;\" href=\"http:\/\/www.pusateris.com\/\" target=\"_blank\" rel=\"noopener noreferrer\">Pusateri&#8217;s<\/a><\/span><\/p>\n<p>[\/vc_column_text][\/vc_column][vc_column width=&#8221;1\/4&#8243; bg_color=&#8221;#ffffff&#8221;]<div class=\"hook_spacer clearfix\" style=\"height:108px;\"><\/div><div class=\"prk_shortcode-title prk_break_word hook_left_align h4_sized\"><div class=\"header_font zero_color prk_vc_title\" style=\"margin-bottom:18px;\"><h4 style=\"font-weight:600;\"><\/h4><\/div><div class=\"clearfix\"><\/div><\/div><div class=\"hook_spacer clearfix\" style=\"height:108px;\"><\/div>[vc_single_image image=&#8221;804&#8243; img_size=&#8221;medium&#8221; alignment=&#8221;center&#8221; onclick=&#8221;custom_link&#8221; img_link_target=&#8221;_blank&#8221; link=&#8221;http:\/\/www.marilusmarket.com\/&#8221;][vc_column_text]<\/p>\n<p style=\"text-align: center;\"><span style=\"color: #000000;\"><a style=\"color: #000000;\" href=\"http:\/\/www.marilusmarket.com\/\" target=\"_blank\" rel=\"noopener noreferrer\">Marilu&#8217;s<\/a><\/span><\/p>\n<p>[\/vc_column_text]<div class=\"hook_spacer clearfix\" style=\"height:108px;\"><\/div>[vc_single_image image=&#8221;336&#8243; img_size=&#8221;medium&#8221; alignment=&#8221;center&#8221; onclick=&#8221;custom_link&#8221; img_link_target=&#8221;_blank&#8221; link=&#8221;http:\/\/www.gardenfoodsmarket.com\/&#8221;][vc_column_text]<\/p>\n<p style=\"text-align: center;\"><span style=\"color: #000000;\"><a style=\"color: #000000;\" href=\"http:\/\/www.gardenfoodsmarket.com\/\" target=\"_blank\" rel=\"noopener noreferrer\">Garden Foods Bolton<\/a><\/span><\/p>\n<p>[\/vc_column_text]<div class=\"hook_spacer clearfix\" style=\"height:108px;\"><\/div>[vc_single_image image=&#8221;337&#8243; img_size=&#8221;medium&#8221; alignment=&#8221;center&#8221; onclick=&#8221;custom_link&#8221; img_link_target=&#8221;_blank&#8221; link=&#8221;http:\/\/www.sobeys.com\/en\/&#8221;][vc_column_text]<\/p>\n<p style=\"text-align: center;\"><span style=\"color: #000000;\"><a style=\"color: #000000;\" href=\"http:\/\/www.sobeys.com\/\" target=\"_blank\" rel=\"noopener noreferrer\">Sobey&#8217;s<\/a><\/span><\/p>\n<p>[\/vc_column_text][\/vc_column][\/vc_row][vc_row top_padding=&#8221;108px&#8221; bottom_padding=&#8221;36px&#8221; font_color=&#8221;#ffffff&#8221; align=&#8221;hook_center_align&#8221; el_class=&#8221;footer&#8221; bg_color=&#8221;#1b1b1b&#8221;][vc_column width=&#8221;1\/1&#8243;][vc_single_image image=&#8221;479&#8243; img_size=&#8221;full&#8221; alignment=&#8221;center&#8221;]<div class=\"hook_spacer clearfix\" style=\"height:36px;\"><\/div>[vc_column_text el_class=&#8221;prk_9_em&#8221;]<\/p>\n<p style=\"text-align: center;\"><span style=\"color: #3bb54b;\"><strong style=\"font-size: 1rem;\">Nudefruit<\/strong><\/span><br \/>\n222 Islington Ave,<br \/>\nEtobicoke, ON M8V 3W7<\/p>\n<p>[\/vc_column_text][vc_column_text el_class=&#8221;prk_9_em&#8221;]<\/p>\n<p style=\"text-align: center;\">t: (416) 539-ZAST (9278)<br \/>\nf: (416) 539-9299<\/p>\n<p style=\"text-align: center;\">EMAIL: <a href=\"mailto:info@zastfoods.com\">info@zastfoods.com<\/a><\/p>\n<p style=\"text-align: center;\"><strong>\u00a0<\/strong><\/p>\n<p>[\/vc_column_text]<div class=\"hook_spacer clearfix\" style=\"height:6px;\"><\/div><div class=\"social_links_shortcode minimal_icons\" style=\"font-size:20px;\"><a href=\"https:\/\/www.facebook.com\/Nudefruit-Just-Chillin-626313464058753\/\" target=\"_blank\" data-color=\"#f36176\" data-up-color=\"#ffffff\" style=\"color:#ffffff;\"><div class=\"hook_inner_social hook_tp_facebook\" style=\"border-color:#ffffff;opacity:0.9;padding-left:4px;padding-right:4px;\"><i class=\"hook_mini_icon fa fa-facebook\"><\/i><\/div><\/a><a href=\"https:\/\/twitter.com\/nudefruitcanada\" target=\"_blank\" data-color=\"#f36176\" data-up-color=\"#ffffff\" style=\"color:#ffffff;\"><div class=\"hook_inner_social\" style=\"border-color:#ffffff;opacity:0.9;padding-left:4px;padding-right:4px;\"><i class=\"hook_mini_icon fa fa-twitter\"><\/i><\/div><\/a><\/div><div class=\"clearfix\"><\/div><div class=\"hook_spacer clearfix\" style=\"height:90px;\"><\/div><div class=\"simple_line shortcoded\" style=\"border-bottom-color:#3bb54b;width:90px;border-bottom-width:4px;margin-left:auto;margin-right:auto;\"><\/div><div class=\"clearfix\"><\/div><div class=\"hook_spacer clearfix\" style=\"height:38px;\"><\/div>[\/vc_column][\/vc_row]<\/p>\n","protected":false},"excerpt":{"rendered":"<p>[vc_row top_padding=&#8221;196px&#8221; bottom_padding=&#8221;196px&#8221; font_color=&#8221;#ffffff&#8221; bk_element=&#8221;image&#8221; bg_image_repeat=&#8221;hook_with_parallax hook_cover&#8221; bg_image=&#8221;684&#8243;][vc_column width=&#8221;1\/1&#8243;][\/vc_column][\/vc_row][vc_row bk_type=&#8221;hook_full_row&#8221; equal_height=&#8221;yes&#8221;][vc_column align=&#8221;hook_left_align&#8221; col_width=&#8221;80&#8243; css_animation=&#8221;hook_fade_waypoint&#8221; width=&#8221;2\/3&#8243; bg_color=&#8221;#fcf8ef&#8221;][vc_column_text]L\u2019histoire de nudefruit d\u00e9bute dans les champs des agriculteurs o\u00f9 nos fournisseurs cueillent les fruits le plus frais qui sont ensuite instantan\u00e9ment surgel\u00e9s dans les quelques heures suivantes, emball\u00e9s et exp\u00e9di\u00e9s vers nos clients partout \u00e0 travers le pays. Nous [&hellip;]<\/p>\n","protected":false},"author":1,"featured_media":0,"parent":0,"menu_order":0,"comment_status":"closed","ping_status":"closed","template":"","meta":{"_mi_skip_tracking":false,"_monsterinsights_sitenote_active":false,"_monsterinsights_sitenote_note":"","_monsterinsights_sitenote_category":0},"yoast_head":"<!-- This site is optimized with the Yoast SEO plugin v21.8.1 - https:\/\/yoast.com\/wordpress\/plugins\/seo\/ -->\n<title>\u00c0 propos - Nudefruit<\/title>\n<meta name=\"robots\" content=\"index, follow, max-snippet:-1, max-image-preview:large, max-video-preview:-1\" \/>\n<link rel=\"canonical\" href=\"https:\/\/nudefruit.com\/fr\/a-propos\/\" \/>\n<meta property=\"og:locale\" content=\"fr_FR\" \/>\n<meta property=\"og:type\" content=\"article\" \/>\n<meta property=\"og:title\" content=\"\u00c0 propos - Nudefruit\" \/>\n<meta property=\"og:description\" content=\"[vc_row top_padding=&#8221;196px&#8221; bottom_padding=&#8221;196px&#8221; font_color=&#8221;#ffffff&#8221; bk_element=&#8221;image&#8221; bg_image_repeat=&#8221;hook_with_parallax hook_cover&#8221; bg_image=&#8221;684&#8243;][vc_column width=&#8221;1\/1&#8243;][\/vc_column][\/vc_row][vc_row bk_type=&#8221;hook_full_row&#8221; equal_height=&#8221;yes&#8221;][vc_column align=&#8221;hook_left_align&#8221; col_width=&#8221;80&#8243; css_animation=&#8221;hook_fade_waypoint&#8221; width=&#8221;2\/3&#8243; bg_color=&#8221;#fcf8ef&#8221;][vc_column_text]L\u2019histoire de nudefruit d\u00e9bute dans les champs des agriculteurs o\u00f9 nos fournisseurs cueillent les fruits le plus frais qui sont ensuite instantan\u00e9ment surgel\u00e9s dans les quelques heures suivantes, emball\u00e9s et exp\u00e9di\u00e9s vers nos clients partout \u00e0 travers le pays. Nous [&hellip;]\" \/>\n<meta property=\"og:url\" content=\"https:\/\/nudefruit.com\/fr\/a-propos\/\" \/>\n<meta property=\"og:site_name\" content=\"Nudefruit\" \/>\n<meta property=\"article:publisher\" content=\"https:\/\/www.facebook.com\/Nudefruit-Just-Chillin-626313464058753\/\" \/>\n<meta property=\"article:modified_time\" content=\"2017-04-26T20:51:30+00:00\" \/>\n<meta name=\"twitter:card\" content=\"summary_large_image\" \/>\n<meta name=\"twitter:site\" content=\"@nudefruitcanada\" \/>\n<meta name=\"twitter:label1\" content=\"Dur\u00e9e de lecture estim\u00e9e\" \/>\n\t<meta name=\"twitter:data1\" content=\"5 minutes\" \/>\n<script type=\"application\/ld+json\" class=\"yoast-schema-graph\">{\"@context\":\"https:\/\/schema.org\",\"@graph\":[{\"@type\":\"WebPage\",\"@id\":\"https:\/\/nudefruit.com\/fr\/a-propos\/\",\"url\":\"https:\/\/nudefruit.com\/fr\/a-propos\/\",\"name\":\"\u00c0 propos - Nudefruit\",\"isPartOf\":{\"@id\":\"https:\/\/nudefruit.com\/#website\"},\"datePublished\":\"2017-04-20T13:57:11+00:00\",\"dateModified\":\"2017-04-26T20:51:30+00:00\",\"breadcrumb\":{\"@id\":\"https:\/\/nudefruit.com\/fr\/a-propos\/#breadcrumb\"},\"inLanguage\":\"fr-FR\",\"potentialAction\":[{\"@type\":\"ReadAction\",\"target\":[\"https:\/\/nudefruit.com\/fr\/a-propos\/\"]}]},{\"@type\":\"BreadcrumbList\",\"@id\":\"https:\/\/nudefruit.com\/fr\/a-propos\/#breadcrumb\",\"itemListElement\":[{\"@type\":\"ListItem\",\"position\":1,\"name\":\"Home\",\"item\":\"https:\/\/nudefruit.com\/fr\/\"},{\"@type\":\"ListItem\",\"position\":2,\"name\":\"\u00c0 propos\"}]},{\"@type\":\"WebSite\",\"@id\":\"https:\/\/nudefruit.com\/#website\",\"url\":\"https:\/\/nudefruit.com\/\",\"name\":\"Nudefruit\",\"description\":\"\",\"potentialAction\":[{\"@type\":\"SearchAction\",\"target\":{\"@type\":\"EntryPoint\",\"urlTemplate\":\"https:\/\/nudefruit.com\/?s={search_term_string}\"},\"query-input\":\"required name=search_term_string\"}],\"inLanguage\":\"fr-FR\"}]}<\/script>\n<!-- \/ Yoast SEO plugin. -->","yoast_head_json":{"title":"\u00c0 propos - Nudefruit","robots":{"index":"index","follow":"follow","max-snippet":"max-snippet:-1","max-image-preview":"max-image-preview:large","max-video-preview":"max-video-preview:-1"},"canonical":"https:\/\/nudefruit.com\/fr\/a-propos\/","og_locale":"fr_FR","og_type":"article","og_title":"\u00c0 propos - Nudefruit","og_description":"[vc_row top_padding=&#8221;196px&#8221; bottom_padding=&#8221;196px&#8221; font_color=&#8221;#ffffff&#8221; bk_element=&#8221;image&#8221; bg_image_repeat=&#8221;hook_with_parallax hook_cover&#8221; bg_image=&#8221;684&#8243;][vc_column width=&#8221;1\/1&#8243;][\/vc_column][\/vc_row][vc_row bk_type=&#8221;hook_full_row&#8221; equal_height=&#8221;yes&#8221;][vc_column align=&#8221;hook_left_align&#8221; col_width=&#8221;80&#8243; css_animation=&#8221;hook_fade_waypoint&#8221; width=&#8221;2\/3&#8243; bg_color=&#8221;#fcf8ef&#8221;][vc_column_text]L\u2019histoire de nudefruit d\u00e9bute dans les champs des agriculteurs o\u00f9 nos fournisseurs cueillent les fruits le plus frais qui sont ensuite instantan\u00e9ment surgel\u00e9s dans les quelques heures suivantes, emball\u00e9s et exp\u00e9di\u00e9s vers nos clients partout \u00e0 travers le pays. Nous [&hellip;]","og_url":"https:\/\/nudefruit.com\/fr\/a-propos\/","og_site_name":"Nudefruit","article_publisher":"https:\/\/www.facebook.com\/Nudefruit-Just-Chillin-626313464058753\/","article_modified_time":"2017-04-26T20:51:30+00:00","twitter_card":"summary_large_image","twitter_site":"@nudefruitcanada","twitter_misc":{"Dur\u00e9e de lecture estim\u00e9e":"5 minutes"},"schema":{"@context":"https:\/\/schema.org","@graph":[{"@type":"WebPage","@id":"https:\/\/nudefruit.com\/fr\/a-propos\/","url":"https:\/\/nudefruit.com\/fr\/a-propos\/","name":"\u00c0 propos - Nudefruit","isPartOf":{"@id":"https:\/\/nudefruit.com\/#website"},"datePublished":"2017-04-20T13:57:11+00:00","dateModified":"2017-04-26T20:51:30+00:00","breadcrumb":{"@id":"https:\/\/nudefruit.com\/fr\/a-propos\/#breadcrumb"},"inLanguage":"fr-FR","potentialAction":[{"@type":"ReadAction","target":["https:\/\/nudefruit.com\/fr\/a-propos\/"]}]},{"@type":"BreadcrumbList","@id":"https:\/\/nudefruit.com\/fr\/a-propos\/#breadcrumb","itemListElement":[{"@type":"ListItem","position":1,"name":"Home","item":"https:\/\/nudefruit.com\/fr\/"},{"@type":"ListItem","position":2,"name":"\u00c0 propos"}]},{"@type":"WebSite","@id":"https:\/\/nudefruit.com\/#website","url":"https:\/\/nudefruit.com\/","name":"Nudefruit","description":"","potentialAction":[{"@type":"SearchAction","target":{"@type":"EntryPoint","urlTemplate":"https:\/\/nudefruit.com\/?s={search_term_string}"},"query-input":"required name=search_term_string"}],"inLanguage":"fr-FR"}]}},"_links":{"self":[{"href":"https:\/\/nudefruit.com\/fr\/wp-json\/wp\/v2\/pages\/1051"}],"collection":[{"href":"https:\/\/nudefruit.com\/fr\/wp-json\/wp\/v2\/pages"}],"about":[{"href":"https:\/\/nudefruit.com\/fr\/wp-json\/wp\/v2\/types\/page"}],"author":[{"embeddable":true,"href":"https:\/\/nudefruit.com\/fr\/wp-json\/wp\/v2\/users\/1"}],"replies":[{"embeddable":true,"href":"https:\/\/nudefruit.com\/fr\/wp-json\/wp\/v2\/comments?post=1051"}],"version-history":[{"count":4,"href":"https:\/\/nudefruit.com\/fr\/wp-json\/wp\/v2\/pages\/1051\/revisions"}],"predecessor-version":[{"id":1160,"href":"https:\/\/nudefruit.com\/fr\/wp-json\/wp\/v2\/pages\/1051\/revisions\/1160"}],"wp:attachment":[{"href":"https:\/\/nudefruit.com\/fr\/wp-json\/wp\/v2\/media?parent=1051"}],"curies":[{"name":"wp","href":"https:\/\/api.w.org\/{rel}","templated":true}]}}