{"id":1153,"date":"2016-12-01T19:23:26","date_gmt":"2016-12-01T19:23:26","guid":{"rendered":"http:\/\/nudefruit.com\/in-the-news\/"},"modified":"2017-04-27T14:59:20","modified_gmt":"2017-04-27T14:59:20","slug":"nouvelles","status":"publish","type":"page","link":"https:\/\/nudefruit.com\/fr\/nouvelles\/","title":{"rendered":"Nouvelles"},"content":{"rendered":"<p>[vc_row bk_type=&#8221;hook_full_row&#8221; top_padding=&#8221;196px&#8221; bottom_padding=&#8221;196px&#8221; bk_element=&#8221;image&#8221; bg_image_repeat=&#8221;hook_cover&#8221; el_class=&#8221;limited_pad_row&#8221; bg_image=&#8221;760&#8243;][vc_column width=&#8221;1\/1&#8243;]<div class=\"prk_shortcode-title prk_break_word hook_center_align h1_sized\"><div class=\"header_font zero_color prk_vc_title\" style=\"color:#000000;border-bottom-color:rgba(0, 0, 0,0.9);text-shadow:0px 0px 1px rgba(0, 0, 0,0.2);margin-bottom:6px;\"><h1 style=\"font-weight:700;\">NOUVELLES<\/h1><\/div><div class=\"clearfix\"><\/div><\/div>[\/vc_column][\/vc_row][vc_row font_color=&#8221;#000000&#8243;][vc_column width=&#8221;1\/1&#8243;][vc_column_text][vc_separator color=&#8221;grey&#8221; style=&#8221;dotted&#8221;][\/vc_column_text][\/vc_column][\/vc_row][vc_row top_padding=&#8221;108px&#8221; bottom_padding=&#8221;36px&#8221; font_color=&#8221;#ffffff&#8221; el_class=&#8221;footer&#8221; bg_color=&#8221;#f7f7f7&#8243;][vc_column width=&#8221;3\/4&#8243;][vc_column_text][\/vc_column_text]<div id=\"prk_shortcode_latest_posts_124\" class=\"recentposts_ul_wp row\"><div id=\"recent_blog-246\" class=\"recentposts_ul_shortcode hook_left_align\" data-columns=3 data-rows=1><div class=\"columns small-4\"><div class=\"blog_entry_li\" data-color=\"default\"><div class=\"masonry_inner\"><a href=\"https:\/\/nudefruit.com\/fr\/horizon\/\" class=\"hook_anchor blog_hover\" data-color=\"default\"><div class=\"masonr_img_wp\"><div class=\"blog_fader_grid centerized_father_blog\"><div class=\"mdi-link-variant titled_link_icon body_bk_color\"><\/div><\/div><img src=\"https:\/\/nudefruit.com\/wp-content\/uploads\/2016\/12\/Cover-Food_NovCA16-700x436.jpg\" width=\"700\" height=\"436\" id=\"home_fader-1095\" class=\"custom-img grid_image\" alt=\"\" \/><\/div><\/a><div class=\"header_font prk_mini_meta small\"><div class=\"entry_title prk_lf\"><h4 class=\"prk_heavier_600 big\"><a href=\"https:\/\/nudefruit.com\/fr\/horizon\/\" class=\"hook_anchor zero_color prk_break_word\" data-color=\"default\">Couverture de Horizon Food &#038; Drink<\/a><\/h4><\/div><div class=\"clearfix\"><\/div><div class=\"hook_blog_uppercased prk_heavier_600 hook_blog_meta prk_75_em small_headings_color body_font\"><\/div><\/div><div class=\"clearfix\"><\/div><div class=\"on_colored entry_content prk_break_word\"><div class=\"wpb_text_column\">[vc_row top_padding=\"0\" bottom_padding=\"36px\" font_color=\"#000000\" align=\"hook_center_align\" el_class=\"footer\"][vc_column width=\"1\/2\"][vc_single_image image=\"836\" img_size=\"large\" onclick=\"custom_link\" img_link_target=\"_blank\" link=\"https:\/\/nudefruit.com\/wp-content\/uploads\/2016\/12\/Cover-Food_NovCA16.pdf\"][\/vc_column][vc_column width=\"1\/2\"][vc_column_text]Couverture de Horizon Food &amp; Drink[\/vc_column_text][\/vc_column][\/vc_row]<div class=\"hook_anchor prk_lf\"><a href=\"https:\/\/nudefruit.com\/fr\/horizon\/\" class=\"prk_heavier_700 zero_color\" data-color=\"default\">Read More &rarr;<\/a><\/div><div class=\"clearfix\"><\/div><\/div><\/div><div class=\"blog_lower prk_bordered_top prk_heavier_600 header_font prk_75_em small_headings_color hook_blog_uppercased\"><div class=\"small-12\"><div class=\"prk_rf hook_anchor\"><a href=\"https:\/\/nudefruit.com\/fr\/horizon\/\" data-color=\"default\"><span class=\"hook_min_read\">1 MIN READ<\/span><\/a><\/div><\/div><div class=\"clearfix\"><\/div><\/div><\/div><\/div><\/div><div class=\"columns small-4\"><div class=\"blog_entry_li\" data-color=\"default\"><div class=\"masonry_inner\"><a href=\"https:\/\/nudefruit.com\/fr\/chatelaine\/\" class=\"hook_anchor blog_hover\" data-color=\"default\"><div class=\"masonr_img_wp\"><div class=\"blog_fader_grid centerized_father_blog\"><div class=\"mdi-link-variant titled_link_icon body_bk_color\"><\/div><\/div><img src=\"https:\/\/nudefruit.com\/wp-content\/uploads\/2016\/12\/Chatelaine-700x436.jpg\" width=\"700\" height=\"436\" id=\"home_fader-1096\" class=\"custom-img grid_image\" alt=\"\" \/><\/div><\/a><div class=\"header_font prk_mini_meta small\"><div class=\"entry_title prk_lf\"><h4 class=\"prk_heavier_600 big\"><a href=\"https:\/\/nudefruit.com\/fr\/chatelaine\/\" class=\"hook_anchor zero_color prk_break_word\" data-color=\"default\">Ch\u00e2telaine<\/a><\/h4><\/div><div class=\"clearfix\"><\/div><div class=\"hook_blog_uppercased prk_heavier_600 hook_blog_meta prk_75_em small_headings_color body_font\"><\/div><\/div><div class=\"clearfix\"><\/div><div class=\"on_colored entry_content prk_break_word\"><div class=\"wpb_text_column\">[vc_row top_padding=\"0\" bottom_padding=\"36px\" font_color=\"#000000\" align=\"hook_center_align\" el_class=\"footer\"][vc_column width=\"1\/2\"][vc_single_image image=\"832\" img_size=\"large\" onclick=\"custom_link\" img_link_target=\"_blank\" link=\"https:\/\/nudefruit.com\/wp-content\/uploads\/2016\/12\/Chatelaine.pdf\"][\/vc_column][vc_column width=\"1\/2\"][vc_column_text]Article publi\u00e9 dans Ch\u00e2telaine. De la section cuisine. En cette p\u00e9riode de l\u2019ann\u00e9e, nous d\u00e9pendons des\u2026<div class=\"hook_anchor prk_lf\"><a href=\"https:\/\/nudefruit.com\/fr\/chatelaine\/\" class=\"prk_heavier_700 zero_color\" data-color=\"default\">Read More &rarr;<\/a><\/div><div class=\"clearfix\"><\/div><\/div><\/div><div class=\"blog_lower prk_bordered_top prk_heavier_600 header_font prk_75_em small_headings_color hook_blog_uppercased\"><div class=\"small-12\"><div class=\"prk_rf hook_anchor\"><a href=\"https:\/\/nudefruit.com\/fr\/chatelaine\/\" data-color=\"default\"><span class=\"hook_min_read\">1 MIN READ<\/span><\/a><\/div><\/div><div class=\"clearfix\"><\/div><\/div><\/div><\/div><\/div><div class=\"columns small-4\"><div class=\"blog_entry_li\" data-color=\"default\"><div class=\"masonry_inner\"><a href=\"https:\/\/nudefruit.com\/fr\/video-promotionnelle-de-nudefruit\/\" class=\"hook_anchor blog_hover\" data-color=\"default\"><div class=\"masonr_img_wp\"><div class=\"blog_fader_grid centerized_father_blog\"><div class=\"mdi-link-variant titled_link_icon body_bk_color\"><\/div><\/div><img src=\"https:\/\/nudefruit.com\/wp-content\/uploads\/2016\/11\/video-ad-700x436.jpg\" width=\"700\" height=\"436\" id=\"home_fader-1097\" class=\"custom-img grid_image\" alt=\"\" \/><\/div><\/a><div class=\"header_font prk_mini_meta small\"><div class=\"entry_title prk_lf\"><h4 class=\"prk_heavier_600 big\"><a href=\"https:\/\/nudefruit.com\/fr\/video-promotionnelle-de-nudefruit\/\" class=\"hook_anchor zero_color prk_break_word\" data-color=\"default\">Vid\u00e9o promotionnelle de Nudefruit<\/a><\/h4><\/div><div class=\"clearfix\"><\/div><div class=\"hook_blog_uppercased prk_heavier_600 hook_blog_meta prk_75_em small_headings_color body_font\"><\/div><\/div><div class=\"clearfix\"><\/div><div class=\"on_colored entry_content prk_break_word\"><div class=\"wpb_text_column\">[vc_row top_padding=\"\" bottom_padding=\"36px\" font_color=\"#ffffff\" align=\"hook_center_align\" el_class=\"footer\" bg_color=\"#f7f7f7\"][vc_column width=\"1\/1\"][vc_video link=\"https:\/\/www.youtube.com\/watch?rel=0&amp;v=E6x3OIn6P2o\"][vc_column_text]Vid\u00e9o promotionnelle[\/vc_column_text][\/vc_column][\/vc_row]<div class=\"hook_anchor prk_lf\"><a href=\"https:\/\/nudefruit.com\/fr\/video-promotionnelle-de-nudefruit\/\" class=\"prk_heavier_700 zero_color\" data-color=\"default\">Read More &rarr;<\/a><\/div><div class=\"clearfix\"><\/div><\/div><\/div><div class=\"blog_lower prk_bordered_top prk_heavier_600 header_font prk_75_em small_headings_color hook_blog_uppercased\"><div class=\"small-12\"><div class=\"prk_rf hook_anchor\"><a href=\"https:\/\/nudefruit.com\/fr\/video-promotionnelle-de-nudefruit\/\" data-color=\"default\"><span class=\"hook_min_read\">1 MIN READ<\/span><\/a><\/div><\/div><div class=\"clearfix\"><\/div><\/div><\/div><\/div><\/div><\/div><\/div>[\/vc_column][vc_column width=&#8221;1\/4&#8243;][vc_widget_sidebar sidebar_id=&#8221;sidebar-primary&#8221;][\/vc_column][\/vc_row][vc_row top_padding=&#8221;108px&#8221; bottom_padding=&#8221;36px&#8221; font_color=&#8221;#ffffff&#8221; align=&#8221;hook_center_align&#8221; el_class=&#8221;footer&#8221; bg_color=&#8221;#1b1b1b&#8221;][vc_column width=&#8221;1\/1&#8243;][vc_single_image image=&#8221;479&#8243; img_size=&#8221;full&#8221; alignment=&#8221;center&#8221;]<div class=\"hook_spacer clearfix\" style=\"height:36px;\"><\/div>[vc_column_text el_class=&#8221;prk_9_em&#8221;]<\/p>\n<p style=\"text-align: center;\"><span style=\"color: #3bb54b;\"><strong style=\"font-size: 1rem;\">Nudefruit<\/strong><\/span><br \/>\n222 Islington Ave,<br \/>\nEtobicoke, ON M8V 3W7<\/p>\n<p>[\/vc_column_text][vc_column_text el_class=&#8221;prk_9_em&#8221;]<\/p>\n<p style=\"text-align: center;\">t: (416) 539-ZAST (9278)<br \/>\nf: (416) 539-9299<\/p>\n<p style=\"text-align: center;\">EMAIL: <a href=\"mailto:info@zastfoods.com\">info@zastfoods.com<\/a><\/p>\n<p style=\"text-align: center;\"><strong>\u00a0<\/strong><\/p>\n<p>[\/vc_column_text]<div class=\"hook_spacer clearfix\" style=\"height:6px;\"><\/div><div class=\"social_links_shortcode minimal_icons\" style=\"font-size:20px;\"><a href=\"https:\/\/www.facebook.com\/Nudefruit-Just-Chillin-626313464058753\/\" target=\"_blank\" data-color=\"#f36176\" data-up-color=\"#ffffff\" style=\"color:#ffffff;\"><div class=\"hook_inner_social hook_tp_facebook\" style=\"border-color:#ffffff;opacity:0.9;padding-left:4px;padding-right:4px;\"><i class=\"hook_mini_icon fa fa-facebook\"><\/i><\/div><\/a><a href=\"https:\/\/twitter.com\/nudefruitcanada\" target=\"_blank\" data-color=\"#f36176\" data-up-color=\"#ffffff\" style=\"color:#ffffff;\"><div class=\"hook_inner_social\" style=\"border-color:#ffffff;opacity:0.9;padding-left:4px;padding-right:4px;\"><i class=\"hook_mini_icon fa fa-twitter\"><\/i><\/div><\/a><\/div><div class=\"clearfix\"><\/div><div class=\"hook_spacer clearfix\" style=\"height:90px;\"><\/div><div class=\"simple_line shortcoded\" style=\"border-bottom-color:#3bb54b;width:90px;border-bottom-width:4px;margin-left:auto;margin-right:auto;\"><\/div><div class=\"clearfix\"><\/div><div class=\"hook_spacer clearfix\" style=\"height:38px;\"><\/div>[\/vc_column][\/vc_row]<\/p>\n","protected":false},"excerpt":{"rendered":"<p>[vc_row bk_type=&#8221;hook_full_row&#8221; top_padding=&#8221;196px&#8221; bottom_padding=&#8221;196px&#8221; bk_element=&#8221;image&#8221; bg_image_repeat=&#8221;hook_cover&#8221; el_class=&#8221;limited_pad_row&#8221; bg_image=&#8221;760&#8243;][vc_column width=&#8221;1\/1&#8243;][\/vc_column][\/vc_row][vc_row font_color=&#8221;#000000&#8243;][vc_column width=&#8221;1\/1&#8243;][vc_column_text][vc_separator color=&#8221;grey&#8221; style=&#8221;dotted&#8221;][\/vc_column_text][\/vc_column][\/vc_row][vc_row top_padding=&#8221;108px&#8221; bottom_padding=&#8221;36px&#8221; font_color=&#8221;#ffffff&#8221; el_class=&#8221;footer&#8221; bg_color=&#8221;#f7f7f7&#8243;][vc_column width=&#8221;3\/4&#8243;][vc_column_text][\/vc_column_text][\/vc_column][vc_column width=&#8221;1\/4&#8243;][vc_widget_sidebar sidebar_id=&#8221;sidebar-primary&#8221;][\/vc_column][\/vc_row][vc_row top_padding=&#8221;108px&#8221; bottom_padding=&#8221;36px&#8221; font_color=&#8221;#ffffff&#8221; align=&#8221;hook_center_align&#8221; el_class=&#8221;footer&#8221; bg_color=&#8221;#1b1b1b&#8221;][vc_column width=&#8221;1\/1&#8243;][vc_single_image image=&#8221;479&#8243; img_size=&#8221;full&#8221; alignment=&#8221;center&#8221;][vc_column_text el_class=&#8221;prk_9_em&#8221;] Nudefruit 222 Islington Ave, Etobicoke, ON M8V 3W7 [\/vc_column_text][vc_column_text el_class=&#8221;prk_9_em&#8221;] t: (416) 539-ZAST (9278) f: (416) 539-9299 EMAIL: info@zastfoods.com \u00a0 [\/vc_column_text][\/vc_column][\/vc_row]<\/p>\n","protected":false},"author":1,"featured_media":0,"parent":0,"menu_order":0,"comment_status":"closed","ping_status":"closed","template":"","meta":{"_mi_skip_tracking":false,"_monsterinsights_sitenote_active":false,"_monsterinsights_sitenote_note":"","_monsterinsights_sitenote_category":0},"yoast_head":"<!-- This site is optimized with the Yoast SEO plugin v21.8.1 - https:\/\/yoast.com\/wordpress\/plugins\/seo\/ -->\n<title>Nouvelles - Nudefruit<\/title>\n<meta name=\"robots\" content=\"index, follow, max-snippet:-1, max-image-preview:large, max-video-preview:-1\" \/>\n<link rel=\"canonical\" href=\"https:\/\/nudefruit.com\/fr\/nouvelles\/\" \/>\n<meta property=\"og:locale\" content=\"fr_FR\" \/>\n<meta property=\"og:type\" content=\"article\" \/>\n<meta property=\"og:title\" content=\"Nouvelles - Nudefruit\" \/>\n<meta property=\"og:description\" content=\"[vc_row bk_type=&#8221;hook_full_row&#8221; top_padding=&#8221;196px&#8221; bottom_padding=&#8221;196px&#8221; bk_element=&#8221;image&#8221; bg_image_repeat=&#8221;hook_cover&#8221; el_class=&#8221;limited_pad_row&#8221; bg_image=&#8221;760&#8243;][vc_column width=&#8221;1\/1&#8243;][\/vc_column][\/vc_row][vc_row font_color=&#8221;#000000&#8243;][vc_column width=&#8221;1\/1&#8243;][vc_column_text][vc_separator color=&#8221;grey&#8221; style=&#8221;dotted&#8221;][\/vc_column_text][\/vc_column][\/vc_row][vc_row top_padding=&#8221;108px&#8221; bottom_padding=&#8221;36px&#8221; font_color=&#8221;#ffffff&#8221; el_class=&#8221;footer&#8221; bg_color=&#8221;#f7f7f7&#8243;][vc_column width=&#8221;3\/4&#8243;][vc_column_text][\/vc_column_text][\/vc_column][vc_column width=&#8221;1\/4&#8243;][vc_widget_sidebar sidebar_id=&#8221;sidebar-primary&#8221;][\/vc_column][\/vc_row][vc_row top_padding=&#8221;108px&#8221; bottom_padding=&#8221;36px&#8221; font_color=&#8221;#ffffff&#8221; align=&#8221;hook_center_align&#8221; el_class=&#8221;footer&#8221; bg_color=&#8221;#1b1b1b&#8221;][vc_column width=&#8221;1\/1&#8243;][vc_single_image image=&#8221;479&#8243; img_size=&#8221;full&#8221; alignment=&#8221;center&#8221;][vc_column_text el_class=&#8221;prk_9_em&#8221;] Nudefruit 222 Islington Ave, Etobicoke, ON M8V 3W7 [\/vc_column_text][vc_column_text el_class=&#8221;prk_9_em&#8221;] t: (416) 539-ZAST (9278) f: (416) 539-9299 EMAIL: info@zastfoods.com \u00a0 [\/vc_column_text][\/vc_column][\/vc_row]\" \/>\n<meta property=\"og:url\" content=\"https:\/\/nudefruit.com\/fr\/nouvelles\/\" \/>\n<meta property=\"og:site_name\" content=\"Nudefruit\" \/>\n<meta property=\"article:publisher\" content=\"https:\/\/www.facebook.com\/Nudefruit-Just-Chillin-626313464058753\/\" \/>\n<meta property=\"article:modified_time\" content=\"2017-04-27T14:59:20+00:00\" \/>\n<meta name=\"twitter:card\" content=\"summary_large_image\" \/>\n<meta name=\"twitter:site\" content=\"@nudefruitcanada\" \/>\n<meta name=\"twitter:label1\" content=\"Dur\u00e9e de lecture estim\u00e9e\" \/>\n\t<meta name=\"twitter:data1\" content=\"1 minute\" \/>\n<script type=\"application\/ld+json\" class=\"yoast-schema-graph\">{\"@context\":\"https:\/\/schema.org\",\"@graph\":[{\"@type\":\"WebPage\",\"@id\":\"https:\/\/nudefruit.com\/fr\/nouvelles\/\",\"url\":\"https:\/\/nudefruit.com\/fr\/nouvelles\/\",\"name\":\"Nouvelles - Nudefruit\",\"isPartOf\":{\"@id\":\"https:\/\/nudefruit.com\/#website\"},\"datePublished\":\"2016-12-01T19:23:26+00:00\",\"dateModified\":\"2017-04-27T14:59:20+00:00\",\"breadcrumb\":{\"@id\":\"https:\/\/nudefruit.com\/fr\/nouvelles\/#breadcrumb\"},\"inLanguage\":\"fr-FR\",\"potentialAction\":[{\"@type\":\"ReadAction\",\"target\":[\"https:\/\/nudefruit.com\/fr\/nouvelles\/\"]}]},{\"@type\":\"BreadcrumbList\",\"@id\":\"https:\/\/nudefruit.com\/fr\/nouvelles\/#breadcrumb\",\"itemListElement\":[{\"@type\":\"ListItem\",\"position\":1,\"name\":\"Home\",\"item\":\"https:\/\/nudefruit.com\/fr\/\"},{\"@type\":\"ListItem\",\"position\":2,\"name\":\"Nouvelles\"}]},{\"@type\":\"WebSite\",\"@id\":\"https:\/\/nudefruit.com\/#website\",\"url\":\"https:\/\/nudefruit.com\/\",\"name\":\"Nudefruit\",\"description\":\"\",\"potentialAction\":[{\"@type\":\"SearchAction\",\"target\":{\"@type\":\"EntryPoint\",\"urlTemplate\":\"https:\/\/nudefruit.com\/?s={search_term_string}\"},\"query-input\":\"required name=search_term_string\"}],\"inLanguage\":\"fr-FR\"}]}<\/script>\n<!-- \/ Yoast SEO plugin. -->","yoast_head_json":{"title":"Nouvelles - Nudefruit","robots":{"index":"index","follow":"follow","max-snippet":"max-snippet:-1","max-image-preview":"max-image-preview:large","max-video-preview":"max-video-preview:-1"},"canonical":"https:\/\/nudefruit.com\/fr\/nouvelles\/","og_locale":"fr_FR","og_type":"article","og_title":"Nouvelles - Nudefruit","og_description":"[vc_row bk_type=&#8221;hook_full_row&#8221; top_padding=&#8221;196px&#8221; bottom_padding=&#8221;196px&#8221; bk_element=&#8221;image&#8221; bg_image_repeat=&#8221;hook_cover&#8221; el_class=&#8221;limited_pad_row&#8221; bg_image=&#8221;760&#8243;][vc_column width=&#8221;1\/1&#8243;][\/vc_column][\/vc_row][vc_row font_color=&#8221;#000000&#8243;][vc_column width=&#8221;1\/1&#8243;][vc_column_text][vc_separator color=&#8221;grey&#8221; style=&#8221;dotted&#8221;][\/vc_column_text][\/vc_column][\/vc_row][vc_row top_padding=&#8221;108px&#8221; bottom_padding=&#8221;36px&#8221; font_color=&#8221;#ffffff&#8221; el_class=&#8221;footer&#8221; bg_color=&#8221;#f7f7f7&#8243;][vc_column width=&#8221;3\/4&#8243;][vc_column_text][\/vc_column_text][\/vc_column][vc_column width=&#8221;1\/4&#8243;][vc_widget_sidebar sidebar_id=&#8221;sidebar-primary&#8221;][\/vc_column][\/vc_row][vc_row top_padding=&#8221;108px&#8221; bottom_padding=&#8221;36px&#8221; font_color=&#8221;#ffffff&#8221; align=&#8221;hook_center_align&#8221; el_class=&#8221;footer&#8221; bg_color=&#8221;#1b1b1b&#8221;][vc_column width=&#8221;1\/1&#8243;][vc_single_image image=&#8221;479&#8243; img_size=&#8221;full&#8221; alignment=&#8221;center&#8221;][vc_column_text el_class=&#8221;prk_9_em&#8221;] Nudefruit 222 Islington Ave, Etobicoke, ON M8V 3W7 [\/vc_column_text][vc_column_text el_class=&#8221;prk_9_em&#8221;] t: (416) 539-ZAST (9278) f: (416) 539-9299 EMAIL: info@zastfoods.com \u00a0 [\/vc_column_text][\/vc_column][\/vc_row]","og_url":"https:\/\/nudefruit.com\/fr\/nouvelles\/","og_site_name":"Nudefruit","article_publisher":"https:\/\/www.facebook.com\/Nudefruit-Just-Chillin-626313464058753\/","article_modified_time":"2017-04-27T14:59:20+00:00","twitter_card":"summary_large_image","twitter_site":"@nudefruitcanada","twitter_misc":{"Dur\u00e9e de lecture estim\u00e9e":"1 minute"},"schema":{"@context":"https:\/\/schema.org","@graph":[{"@type":"WebPage","@id":"https:\/\/nudefruit.com\/fr\/nouvelles\/","url":"https:\/\/nudefruit.com\/fr\/nouvelles\/","name":"Nouvelles - Nudefruit","isPartOf":{"@id":"https:\/\/nudefruit.com\/#website"},"datePublished":"2016-12-01T19:23:26+00:00","dateModified":"2017-04-27T14:59:20+00:00","breadcrumb":{"@id":"https:\/\/nudefruit.com\/fr\/nouvelles\/#breadcrumb"},"inLanguage":"fr-FR","potentialAction":[{"@type":"ReadAction","target":["https:\/\/nudefruit.com\/fr\/nouvelles\/"]}]},{"@type":"BreadcrumbList","@id":"https:\/\/nudefruit.com\/fr\/nouvelles\/#breadcrumb","itemListElement":[{"@type":"ListItem","position":1,"name":"Home","item":"https:\/\/nudefruit.com\/fr\/"},{"@type":"ListItem","position":2,"name":"Nouvelles"}]},{"@type":"WebSite","@id":"https:\/\/nudefruit.com\/#website","url":"https:\/\/nudefruit.com\/","name":"Nudefruit","description":"","potentialAction":[{"@type":"SearchAction","target":{"@type":"EntryPoint","urlTemplate":"https:\/\/nudefruit.com\/?s={search_term_string}"},"query-input":"required name=search_term_string"}],"inLanguage":"fr-FR"}]}},"_links":{"self":[{"href":"https:\/\/nudefruit.com\/fr\/wp-json\/wp\/v2\/pages\/1153"}],"collection":[{"href":"https:\/\/nudefruit.com\/fr\/wp-json\/wp\/v2\/pages"}],"about":[{"href":"https:\/\/nudefruit.com\/fr\/wp-json\/wp\/v2\/types\/page"}],"author":[{"embeddable":true,"href":"https:\/\/nudefruit.com\/fr\/wp-json\/wp\/v2\/users\/1"}],"replies":[{"embeddable":true,"href":"https:\/\/nudefruit.com\/fr\/wp-json\/wp\/v2\/comments?post=1153"}],"version-history":[{"count":2,"href":"https:\/\/nudefruit.com\/fr\/wp-json\/wp\/v2\/pages\/1153\/revisions"}],"predecessor-version":[{"id":1190,"href":"https:\/\/nudefruit.com\/fr\/wp-json\/wp\/v2\/pages\/1153\/revisions\/1190"}],"wp:attachment":[{"href":"https:\/\/nudefruit.com\/fr\/wp-json\/wp\/v2\/media?parent=1153"}],"curies":[{"name":"wp","href":"https:\/\/api.w.org\/{rel}","templated":true}]}}